{"id":10,"date":"2024-06-17T16:18:51","date_gmt":"2024-06-17T16:18:51","guid":{"rendered":"https:\/\/tanatross.cl\/?page_id=10"},"modified":"2025-08-18T14:19:06","modified_gmt":"2025-08-18T14:19:06","slug":"inicio","status":"publish","type":"page","link":"https:\/\/tanatross.cl\/","title":{"rendered":"Inicio"},"content":{"rendered":"\r\n<p>Sean todos bienvenidos al sitio oficial de T\u00c1NATROSS.<br \/><br \/>Somos una banda de metal chileno-latinoamericana. Cultivamos el rock en sus diferentes expresiones, tales como speed, heavy, thrash, groove, etc.<br \/>Nuestra tem\u00e1tica de lyrics radica en la introspecci\u00f3n de la mente y el esp\u00edritu de la sociedad humana.<br \/>Nos caracterizamos por ejecutar ritmos r\u00e1pidos, estructuras musicales creativas y mucho poder.<br \/><br \/>La Banda:<br \/>&#8211; No Mercy &#8211; guitarra r\u00edtmica y voz.<br \/>&#8211; Le Doc Heisenheim Satriani &#8211; primera guitarra.<br \/>&#8211; Rafael Ariza &#8211; Bater\u00eda.<br \/>&#8211; Sebastian Bass &#8211; Bajo<\/p>\r\n\r\n<p><img fetchpriority=\"high\" decoding=\"async\" src=\"https:\/\/tanatross.cl\/wp-content\/uploads\/2024\/06\/STAGE-RECOLETA-copia-1024x567.jpg\" sizes=\"100vw\" srcset=\"https:\/\/tanatross.cl\/wp-content\/uploads\/2024\/06\/STAGE-RECOLETA-copia-1024x567.jpg 1024w, https:\/\/tanatross.cl\/wp-content\/uploads\/2024\/06\/STAGE-RECOLETA-copia-300x166.jpg 300w, https:\/\/tanatross.cl\/wp-content\/uploads\/2024\/06\/STAGE-RECOLETA-copia-768x425.jpg 768w, https:\/\/tanatross.cl\/wp-content\/uploads\/2024\/06\/STAGE-RECOLETA-copia-1536x850.jpg 1536w, https:\/\/tanatross.cl\/wp-content\/uploads\/2024\/06\/STAGE-RECOLETA-copia.jpg 1680w\" alt=\"\" width=\"525\" height=\"291\" \/> <img decoding=\"async\" src=\"https:\/\/tanatross.cl\/wp-content\/uploads\/2024\/07\/lamento-de-las-arenas.jpg\" sizes=\"100vw\" srcset=\"https:\/\/tanatross.cl\/wp-content\/uploads\/2024\/07\/lamento-de-las-arenas.jpg 1000w, https:\/\/tanatross.cl\/wp-content\/uploads\/2024\/07\/lamento-de-las-arenas-300x300.jpg 300w, https:\/\/tanatross.cl\/wp-content\/uploads\/2024\/07\/lamento-de-las-arenas-150x150.jpg 150w, https:\/\/tanatross.cl\/wp-content\/uploads\/2024\/07\/lamento-de-las-arenas-768x768.jpg 768w, https:\/\/tanatross.cl\/wp-content\/uploads\/2024\/07\/lamento-de-las-arenas-100x100.jpg 100w\" alt=\"\" width=\"525\" height=\"525\" \/><\/p>","protected":false},"excerpt":{"rendered":"<p>Sean todos bienvenidos al sitio oficial de T\u00c1NATROSS. Somos una banda de metal chileno-latinoamericana. Cultivamos el rock en sus diferentes expresiones, tales como speed, heavy, thrash, groove, etc.Nuestra tem\u00e1tica de lyrics radica en la introspecci\u00f3n de la mente y el esp\u00edritu de la sociedad humana.Nos caracterizamos por ejecutar ritmos r\u00e1pidos, estructuras musicales creativas y mucho &hellip; <\/p>\n<p class=\"link-more\"><a href=\"https:\/\/tanatross.cl\/\" class=\"more-link\">Continuar leyendo<span class=\"screen-reader-text\"> \u00abInicio\u00bb<\/span><\/a><\/p>\n","protected":false},"author":1,"featured_media":88,"parent":0,"menu_order":0,"comment_status":"closed","ping_status":"closed","template":"","meta":{"footnotes":""},"class_list":["post-10","page","type-page","status-publish","has-post-thumbnail","hentry"],"yoast_head":"<!-- This site is optimized with the Yoast SEO plugin v22.8 - https:\/\/yoast.com\/wordpress\/plugins\/seo\/ -->\n<title>Inicio - T\u00c1NATROSS<\/title>\n<meta name=\"robots\" content=\"index, follow, max-snippet:-1, max-image-preview:large, max-video-preview:-1\" \/>\n<link rel=\"canonical\" href=\"https:\/\/tanatross.cl\/\" \/>\n<meta property=\"og:locale\" content=\"es_ES\" \/>\n<meta property=\"og:type\" content=\"article\" \/>\n<meta property=\"og:title\" content=\"Inicio - T\u00c1NATROSS\" \/>\n<meta property=\"og:description\" content=\"Sean todos bienvenidos al sitio oficial de T\u00c1NATROSS. Somos una banda de metal chileno-latinoamericana. Cultivamos el rock en sus diferentes expresiones, tales como speed, heavy, thrash, groove, etc.Nuestra tem\u00e1tica de lyrics radica en la introspecci\u00f3n de la mente y el esp\u00edritu de la sociedad humana.Nos caracterizamos por ejecutar ritmos r\u00e1pidos, estructuras musicales creativas y mucho &hellip; Continuar leyendo &quot;Inicio&quot;\" \/>\n<meta property=\"og:url\" content=\"https:\/\/tanatross.cl\/\" \/>\n<meta property=\"og:site_name\" content=\"T\u00c1NATROSS\" \/>\n<meta property=\"article:modified_time\" content=\"2025-08-18T14:19:06+00:00\" \/>\n<meta property=\"og:image\" content=\"https:\/\/tanatross.cl\/wp-content\/uploads\/2024\/07\/fake_zine_2016-1.jpg\" \/>\n\t<meta property=\"og:image:width\" content=\"720\" \/>\n\t<meta property=\"og:image:height\" content=\"720\" \/>\n\t<meta property=\"og:image:type\" content=\"image\/jpeg\" \/>\n<meta name=\"twitter:card\" content=\"summary_large_image\" \/>\n<meta name=\"twitter:label1\" content=\"Tiempo de lectura\" \/>\n\t<meta name=\"twitter:data1\" content=\"1 minuto\" \/>\n<script type=\"application\/ld+json\" class=\"yoast-schema-graph\">{\"@context\":\"https:\/\/schema.org\",\"@graph\":[{\"@type\":\"WebPage\",\"@id\":\"https:\/\/tanatross.cl\/\",\"url\":\"https:\/\/tanatross.cl\/\",\"name\":\"Inicio - T\u00c1NATROSS\",\"isPartOf\":{\"@id\":\"https:\/\/tanatross.cl\/#website\"},\"primaryImageOfPage\":{\"@id\":\"https:\/\/tanatross.cl\/#primaryimage\"},\"image\":{\"@id\":\"https:\/\/tanatross.cl\/#primaryimage\"},\"thumbnailUrl\":\"https:\/\/tanatross.cl\/wp-content\/uploads\/2024\/07\/fake_zine_2016-1.jpg\",\"datePublished\":\"2024-06-17T16:18:51+00:00\",\"dateModified\":\"2025-08-18T14:19:06+00:00\",\"breadcrumb\":{\"@id\":\"https:\/\/tanatross.cl\/#breadcrumb\"},\"inLanguage\":\"es\",\"potentialAction\":[{\"@type\":\"ReadAction\",\"target\":[\"https:\/\/tanatross.cl\/\"]}]},{\"@type\":\"ImageObject\",\"inLanguage\":\"es\",\"@id\":\"https:\/\/tanatross.cl\/#primaryimage\",\"url\":\"https:\/\/tanatross.cl\/wp-content\/uploads\/2024\/07\/fake_zine_2016-1.jpg\",\"contentUrl\":\"https:\/\/tanatross.cl\/wp-content\/uploads\/2024\/07\/fake_zine_2016-1.jpg\",\"width\":720,\"height\":720},{\"@type\":\"BreadcrumbList\",\"@id\":\"https:\/\/tanatross.cl\/#breadcrumb\",\"itemListElement\":[{\"@type\":\"ListItem\",\"position\":1,\"name\":\"Portada\",\"item\":\"https:\/\/tanatross.cl\/\"},{\"@type\":\"ListItem\",\"position\":2,\"name\":\"Inicio\"}]},{\"@type\":\"WebSite\",\"@id\":\"https:\/\/tanatross.cl\/#website\",\"url\":\"https:\/\/tanatross.cl\/\",\"name\":\"T\u00c1NATROSS\",\"description\":\"Latam Metal Band\",\"publisher\":{\"@id\":\"https:\/\/tanatross.cl\/#organization\"},\"potentialAction\":[{\"@type\":\"SearchAction\",\"target\":{\"@type\":\"EntryPoint\",\"urlTemplate\":\"https:\/\/tanatross.cl\/?s={search_term_string}\"},\"query-input\":\"required name=search_term_string\"}],\"inLanguage\":\"es\"},{\"@type\":\"Organization\",\"@id\":\"https:\/\/tanatross.cl\/#organization\",\"name\":\"T\u00c1NATROSS\",\"url\":\"https:\/\/tanatross.cl\/\",\"logo\":{\"@type\":\"ImageObject\",\"inLanguage\":\"es\",\"@id\":\"https:\/\/tanatross.cl\/#\/schema\/logo\/image\/\",\"url\":\"https:\/\/tanatross.cl\/wp-content\/uploads\/2024\/06\/cropped-DRAGON-1.png\",\"contentUrl\":\"https:\/\/tanatross.cl\/wp-content\/uploads\/2024\/06\/cropped-DRAGON-1.png\",\"width\":250,\"height\":250,\"caption\":\"T\u00c1NATROSS\"},\"image\":{\"@id\":\"https:\/\/tanatross.cl\/#\/schema\/logo\/image\/\"}}]}<\/script>\n<!-- \/ Yoast SEO plugin. -->","yoast_head_json":{"title":"Inicio - T\u00c1NATROSS","robots":{"index":"index","follow":"follow","max-snippet":"max-snippet:-1","max-image-preview":"max-image-preview:large","max-video-preview":"max-video-preview:-1"},"canonical":"https:\/\/tanatross.cl\/","og_locale":"es_ES","og_type":"article","og_title":"Inicio - T\u00c1NATROSS","og_description":"Sean todos bienvenidos al sitio oficial de T\u00c1NATROSS. Somos una banda de metal chileno-latinoamericana. Cultivamos el rock en sus diferentes expresiones, tales como speed, heavy, thrash, groove, etc.Nuestra tem\u00e1tica de lyrics radica en la introspecci\u00f3n de la mente y el esp\u00edritu de la sociedad humana.Nos caracterizamos por ejecutar ritmos r\u00e1pidos, estructuras musicales creativas y mucho &hellip; Continuar leyendo \"Inicio\"","og_url":"https:\/\/tanatross.cl\/","og_site_name":"T\u00c1NATROSS","article_modified_time":"2025-08-18T14:19:06+00:00","og_image":[{"width":720,"height":720,"url":"https:\/\/tanatross.cl\/wp-content\/uploads\/2024\/07\/fake_zine_2016-1.jpg","type":"image\/jpeg"}],"twitter_card":"summary_large_image","twitter_misc":{"Tiempo de lectura":"1 minuto"},"schema":{"@context":"https:\/\/schema.org","@graph":[{"@type":"WebPage","@id":"https:\/\/tanatross.cl\/","url":"https:\/\/tanatross.cl\/","name":"Inicio - T\u00c1NATROSS","isPartOf":{"@id":"https:\/\/tanatross.cl\/#website"},"primaryImageOfPage":{"@id":"https:\/\/tanatross.cl\/#primaryimage"},"image":{"@id":"https:\/\/tanatross.cl\/#primaryimage"},"thumbnailUrl":"https:\/\/tanatross.cl\/wp-content\/uploads\/2024\/07\/fake_zine_2016-1.jpg","datePublished":"2024-06-17T16:18:51+00:00","dateModified":"2025-08-18T14:19:06+00:00","breadcrumb":{"@id":"https:\/\/tanatross.cl\/#breadcrumb"},"inLanguage":"es","potentialAction":[{"@type":"ReadAction","target":["https:\/\/tanatross.cl\/"]}]},{"@type":"ImageObject","inLanguage":"es","@id":"https:\/\/tanatross.cl\/#primaryimage","url":"https:\/\/tanatross.cl\/wp-content\/uploads\/2024\/07\/fake_zine_2016-1.jpg","contentUrl":"https:\/\/tanatross.cl\/wp-content\/uploads\/2024\/07\/fake_zine_2016-1.jpg","width":720,"height":720},{"@type":"BreadcrumbList","@id":"https:\/\/tanatross.cl\/#breadcrumb","itemListElement":[{"@type":"ListItem","position":1,"name":"Portada","item":"https:\/\/tanatross.cl\/"},{"@type":"ListItem","position":2,"name":"Inicio"}]},{"@type":"WebSite","@id":"https:\/\/tanatross.cl\/#website","url":"https:\/\/tanatross.cl\/","name":"T\u00c1NATROSS","description":"Latam Metal Band","publisher":{"@id":"https:\/\/tanatross.cl\/#organization"},"potentialAction":[{"@type":"SearchAction","target":{"@type":"EntryPoint","urlTemplate":"https:\/\/tanatross.cl\/?s={search_term_string}"},"query-input":"required name=search_term_string"}],"inLanguage":"es"},{"@type":"Organization","@id":"https:\/\/tanatross.cl\/#organization","name":"T\u00c1NATROSS","url":"https:\/\/tanatross.cl\/","logo":{"@type":"ImageObject","inLanguage":"es","@id":"https:\/\/tanatross.cl\/#\/schema\/logo\/image\/","url":"https:\/\/tanatross.cl\/wp-content\/uploads\/2024\/06\/cropped-DRAGON-1.png","contentUrl":"https:\/\/tanatross.cl\/wp-content\/uploads\/2024\/06\/cropped-DRAGON-1.png","width":250,"height":250,"caption":"T\u00c1NATROSS"},"image":{"@id":"https:\/\/tanatross.cl\/#\/schema\/logo\/image\/"}}]}},"_links":{"self":[{"href":"https:\/\/tanatross.cl\/index.php\/wp-json\/wp\/v2\/pages\/10","targetHints":{"allow":["GET"]}}],"collection":[{"href":"https:\/\/tanatross.cl\/index.php\/wp-json\/wp\/v2\/pages"}],"about":[{"href":"https:\/\/tanatross.cl\/index.php\/wp-json\/wp\/v2\/types\/page"}],"author":[{"embeddable":true,"href":"https:\/\/tanatross.cl\/index.php\/wp-json\/wp\/v2\/users\/1"}],"replies":[{"embeddable":true,"href":"https:\/\/tanatross.cl\/index.php\/wp-json\/wp\/v2\/comments?post=10"}],"version-history":[{"count":13,"href":"https:\/\/tanatross.cl\/index.php\/wp-json\/wp\/v2\/pages\/10\/revisions"}],"predecessor-version":[{"id":92,"href":"https:\/\/tanatross.cl\/index.php\/wp-json\/wp\/v2\/pages\/10\/revisions\/92"}],"wp:featuredmedia":[{"embeddable":true,"href":"https:\/\/tanatross.cl\/index.php\/wp-json\/wp\/v2\/media\/88"}],"wp:attachment":[{"href":"https:\/\/tanatross.cl\/index.php\/wp-json\/wp\/v2\/media?parent=10"}],"curies":[{"name":"wp","href":"https:\/\/api.w.org\/{rel}","templated":true}]}}