{"id":12,"date":"2024-06-17T16:18:51","date_gmt":"2024-06-17T16:18:51","guid":{"rendered":"https:\/\/tanatross.cl\/?page_id=12"},"modified":"2024-07-21T22:15:27","modified_gmt":"2024-07-21T22:15:27","slug":"contacto","status":"publish","type":"page","link":"https:\/\/tanatross.cl\/index.php\/contacto\/","title":{"rendered":"Contacto"},"content":{"rendered":"\r\n<p>Esta es una p\u00e1gina con informaci\u00f3n de contacto b\u00e1sica, como la direcci\u00f3n y el n\u00famero de tel\u00e9fono. Incluso puedes probar un plugin para a\u00f1adir un formulario de contacto.<\/p>\r\n","protected":false},"excerpt":{"rendered":"<p>Esta es una p\u00e1gina con informaci\u00f3n de contacto b\u00e1sica, como la direcci\u00f3n y el n\u00famero de tel\u00e9fono. Incluso puedes probar un plugin para a\u00f1adir un formulario de contacto.<\/p>\n","protected":false},"author":1,"featured_media":75,"parent":0,"menu_order":0,"comment_status":"closed","ping_status":"closed","template":"","meta":{"footnotes":""},"class_list":["post-12","page","type-page","status-publish","has-post-thumbnail","hentry"],"yoast_head":"<!-- This site is optimized with the Yoast SEO plugin v22.8 - https:\/\/yoast.com\/wordpress\/plugins\/seo\/ -->\n<title>Contacto - T\u00c1NATROSS<\/title>\n<meta name=\"robots\" content=\"index, follow, max-snippet:-1, max-image-preview:large, max-video-preview:-1\" \/>\n<link rel=\"canonical\" href=\"https:\/\/tanatross.cl\/index.php\/contacto\/\" \/>\n<meta property=\"og:locale\" content=\"es_ES\" \/>\n<meta property=\"og:type\" content=\"article\" \/>\n<meta property=\"og:title\" content=\"Contacto - T\u00c1NATROSS\" \/>\n<meta property=\"og:description\" content=\"Esta es una p\u00e1gina con informaci\u00f3n de contacto b\u00e1sica, como la direcci\u00f3n y el n\u00famero de tel\u00e9fono. Incluso puedes probar un plugin para a\u00f1adir un formulario de contacto.\" \/>\n<meta property=\"og:url\" content=\"https:\/\/tanatross.cl\/index.php\/contacto\/\" \/>\n<meta property=\"og:site_name\" content=\"T\u00c1NATROSS\" \/>\n<meta property=\"article:modified_time\" content=\"2024-07-21T22:15:27+00:00\" \/>\n<meta property=\"og:image\" content=\"https:\/\/tanatross.cl\/wp-content\/uploads\/2024\/07\/lamento-de-las-arenas.jpg\" \/>\n\t<meta property=\"og:image:width\" content=\"1000\" \/>\n\t<meta property=\"og:image:height\" content=\"1000\" \/>\n\t<meta property=\"og:image:type\" content=\"image\/jpeg\" \/>\n<meta name=\"twitter:card\" content=\"summary_large_image\" \/>\n<meta name=\"twitter:label1\" content=\"Tiempo de lectura\" \/>\n\t<meta name=\"twitter:data1\" content=\"1 minuto\" \/>\n<script type=\"application\/ld+json\" class=\"yoast-schema-graph\">{\"@context\":\"https:\/\/schema.org\",\"@graph\":[{\"@type\":\"WebPage\",\"@id\":\"https:\/\/tanatross.cl\/index.php\/contacto\/\",\"url\":\"https:\/\/tanatross.cl\/index.php\/contacto\/\",\"name\":\"Contacto - T\u00c1NATROSS\",\"isPartOf\":{\"@id\":\"https:\/\/tanatross.cl\/#website\"},\"primaryImageOfPage\":{\"@id\":\"https:\/\/tanatross.cl\/index.php\/contacto\/#primaryimage\"},\"image\":{\"@id\":\"https:\/\/tanatross.cl\/index.php\/contacto\/#primaryimage\"},\"thumbnailUrl\":\"https:\/\/tanatross.cl\/wp-content\/uploads\/2024\/07\/lamento-de-las-arenas.jpg\",\"datePublished\":\"2024-06-17T16:18:51+00:00\",\"dateModified\":\"2024-07-21T22:15:27+00:00\",\"breadcrumb\":{\"@id\":\"https:\/\/tanatross.cl\/index.php\/contacto\/#breadcrumb\"},\"inLanguage\":\"es\",\"potentialAction\":[{\"@type\":\"ReadAction\",\"target\":[\"https:\/\/tanatross.cl\/index.php\/contacto\/\"]}]},{\"@type\":\"ImageObject\",\"inLanguage\":\"es\",\"@id\":\"https:\/\/tanatross.cl\/index.php\/contacto\/#primaryimage\",\"url\":\"https:\/\/tanatross.cl\/wp-content\/uploads\/2024\/07\/lamento-de-las-arenas.jpg\",\"contentUrl\":\"https:\/\/tanatross.cl\/wp-content\/uploads\/2024\/07\/lamento-de-las-arenas.jpg\",\"width\":1000,\"height\":1000},{\"@type\":\"BreadcrumbList\",\"@id\":\"https:\/\/tanatross.cl\/index.php\/contacto\/#breadcrumb\",\"itemListElement\":[{\"@type\":\"ListItem\",\"position\":1,\"name\":\"Portada\",\"item\":\"https:\/\/tanatross.cl\/\"},{\"@type\":\"ListItem\",\"position\":2,\"name\":\"Contacto\"}]},{\"@type\":\"WebSite\",\"@id\":\"https:\/\/tanatross.cl\/#website\",\"url\":\"https:\/\/tanatross.cl\/\",\"name\":\"T\u00c1NATROSS\",\"description\":\"Latam Metal Band\",\"publisher\":{\"@id\":\"https:\/\/tanatross.cl\/#organization\"},\"potentialAction\":[{\"@type\":\"SearchAction\",\"target\":{\"@type\":\"EntryPoint\",\"urlTemplate\":\"https:\/\/tanatross.cl\/?s={search_term_string}\"},\"query-input\":\"required name=search_term_string\"}],\"inLanguage\":\"es\"},{\"@type\":\"Organization\",\"@id\":\"https:\/\/tanatross.cl\/#organization\",\"name\":\"T\u00c1NATROSS\",\"url\":\"https:\/\/tanatross.cl\/\",\"logo\":{\"@type\":\"ImageObject\",\"inLanguage\":\"es\",\"@id\":\"https:\/\/tanatross.cl\/#\/schema\/logo\/image\/\",\"url\":\"https:\/\/tanatross.cl\/wp-content\/uploads\/2024\/06\/cropped-DRAGON-1.png\",\"contentUrl\":\"https:\/\/tanatross.cl\/wp-content\/uploads\/2024\/06\/cropped-DRAGON-1.png\",\"width\":250,\"height\":250,\"caption\":\"T\u00c1NATROSS\"},\"image\":{\"@id\":\"https:\/\/tanatross.cl\/#\/schema\/logo\/image\/\"}}]}<\/script>\n<!-- \/ Yoast SEO plugin. -->","yoast_head_json":{"title":"Contacto - T\u00c1NATROSS","robots":{"index":"index","follow":"follow","max-snippet":"max-snippet:-1","max-image-preview":"max-image-preview:large","max-video-preview":"max-video-preview:-1"},"canonical":"https:\/\/tanatross.cl\/index.php\/contacto\/","og_locale":"es_ES","og_type":"article","og_title":"Contacto - T\u00c1NATROSS","og_description":"Esta es una p\u00e1gina con informaci\u00f3n de contacto b\u00e1sica, como la direcci\u00f3n y el n\u00famero de tel\u00e9fono. Incluso puedes probar un plugin para a\u00f1adir un formulario de contacto.","og_url":"https:\/\/tanatross.cl\/index.php\/contacto\/","og_site_name":"T\u00c1NATROSS","article_modified_time":"2024-07-21T22:15:27+00:00","og_image":[{"width":1000,"height":1000,"url":"https:\/\/tanatross.cl\/wp-content\/uploads\/2024\/07\/lamento-de-las-arenas.jpg","type":"image\/jpeg"}],"twitter_card":"summary_large_image","twitter_misc":{"Tiempo de lectura":"1 minuto"},"schema":{"@context":"https:\/\/schema.org","@graph":[{"@type":"WebPage","@id":"https:\/\/tanatross.cl\/index.php\/contacto\/","url":"https:\/\/tanatross.cl\/index.php\/contacto\/","name":"Contacto - T\u00c1NATROSS","isPartOf":{"@id":"https:\/\/tanatross.cl\/#website"},"primaryImageOfPage":{"@id":"https:\/\/tanatross.cl\/index.php\/contacto\/#primaryimage"},"image":{"@id":"https:\/\/tanatross.cl\/index.php\/contacto\/#primaryimage"},"thumbnailUrl":"https:\/\/tanatross.cl\/wp-content\/uploads\/2024\/07\/lamento-de-las-arenas.jpg","datePublished":"2024-06-17T16:18:51+00:00","dateModified":"2024-07-21T22:15:27+00:00","breadcrumb":{"@id":"https:\/\/tanatross.cl\/index.php\/contacto\/#breadcrumb"},"inLanguage":"es","potentialAction":[{"@type":"ReadAction","target":["https:\/\/tanatross.cl\/index.php\/contacto\/"]}]},{"@type":"ImageObject","inLanguage":"es","@id":"https:\/\/tanatross.cl\/index.php\/contacto\/#primaryimage","url":"https:\/\/tanatross.cl\/wp-content\/uploads\/2024\/07\/lamento-de-las-arenas.jpg","contentUrl":"https:\/\/tanatross.cl\/wp-content\/uploads\/2024\/07\/lamento-de-las-arenas.jpg","width":1000,"height":1000},{"@type":"BreadcrumbList","@id":"https:\/\/tanatross.cl\/index.php\/contacto\/#breadcrumb","itemListElement":[{"@type":"ListItem","position":1,"name":"Portada","item":"https:\/\/tanatross.cl\/"},{"@type":"ListItem","position":2,"name":"Contacto"}]},{"@type":"WebSite","@id":"https:\/\/tanatross.cl\/#website","url":"https:\/\/tanatross.cl\/","name":"T\u00c1NATROSS","description":"Latam Metal Band","publisher":{"@id":"https:\/\/tanatross.cl\/#organization"},"potentialAction":[{"@type":"SearchAction","target":{"@type":"EntryPoint","urlTemplate":"https:\/\/tanatross.cl\/?s={search_term_string}"},"query-input":"required name=search_term_string"}],"inLanguage":"es"},{"@type":"Organization","@id":"https:\/\/tanatross.cl\/#organization","name":"T\u00c1NATROSS","url":"https:\/\/tanatross.cl\/","logo":{"@type":"ImageObject","inLanguage":"es","@id":"https:\/\/tanatross.cl\/#\/schema\/logo\/image\/","url":"https:\/\/tanatross.cl\/wp-content\/uploads\/2024\/06\/cropped-DRAGON-1.png","contentUrl":"https:\/\/tanatross.cl\/wp-content\/uploads\/2024\/06\/cropped-DRAGON-1.png","width":250,"height":250,"caption":"T\u00c1NATROSS"},"image":{"@id":"https:\/\/tanatross.cl\/#\/schema\/logo\/image\/"}}]}},"_links":{"self":[{"href":"https:\/\/tanatross.cl\/index.php\/wp-json\/wp\/v2\/pages\/12","targetHints":{"allow":["GET"]}}],"collection":[{"href":"https:\/\/tanatross.cl\/index.php\/wp-json\/wp\/v2\/pages"}],"about":[{"href":"https:\/\/tanatross.cl\/index.php\/wp-json\/wp\/v2\/types\/page"}],"author":[{"embeddable":true,"href":"https:\/\/tanatross.cl\/index.php\/wp-json\/wp\/v2\/users\/1"}],"replies":[{"embeddable":true,"href":"https:\/\/tanatross.cl\/index.php\/wp-json\/wp\/v2\/comments?post=12"}],"version-history":[{"count":1,"href":"https:\/\/tanatross.cl\/index.php\/wp-json\/wp\/v2\/pages\/12\/revisions"}],"predecessor-version":[{"id":22,"href":"https:\/\/tanatross.cl\/index.php\/wp-json\/wp\/v2\/pages\/12\/revisions\/22"}],"wp:featuredmedia":[{"embeddable":true,"href":"https:\/\/tanatross.cl\/index.php\/wp-json\/wp\/v2\/media\/75"}],"wp:attachment":[{"href":"https:\/\/tanatross.cl\/index.php\/wp-json\/wp\/v2\/media?parent=12"}],"curies":[{"name":"wp","href":"https:\/\/api.w.org\/{rel}","templated":true}]}}